{"id":2355,"date":"2026-03-22T08:32:02","date_gmt":"2026-03-22T05:32:02","guid":{"rendered":"https:\/\/demo.casethemes.net\/industio\/services-carousel-copy\/"},"modified":"2026-05-06T20:47:06","modified_gmt":"2026-05-06T17:47:06","slug":"sektorler","status":"publish","type":"page","link":"https:\/\/wpmentor.com.tr\/demo01\/sektorler\/","title":{"rendered":"Sekt\u00f6rler"},"content":{"rendered":"\t\t<div data-elementor-type=\"wp-page\" data-elementor-id=\"2355\" class=\"elementor elementor-2355\">\n\t\t\t\t        <section class=\"elementor-section elementor-top-section elementor-element elementor-element-6fcf9b9 elementor-section-boxed elementor-section-height-default elementor-section-height-default pxl-row-scroll-none pxl-zoom-point-false pxl-section-overflow-visible pxl-section-fix-none pxl-bg-color-none pxl-section-overlay-none\" data-id=\"6fcf9b9\" data-element_type=\"section\" data-e-type=\"section\">\n\n                \n                <div class=\"elementor-container elementor-column-gap-extended \">\n                <div class=\"elementor-column elementor-col-100 elementor-top-column elementor-element elementor-element-654c5d6 pxl-column-none pxl-column-overflow-hidden-no\" data-id=\"654c5d6\" data-element_type=\"column\" data-e-type=\"column\">\r\n        <div class=\"elementor-widget-wrap\">\r\n                     \r\n                    <\/div>\r\n        <\/div>\r\n        \t\t\t<\/div>\n\t\t<\/section>\n\t\t\t\t<\/div>\n\t\t","protected":false},"excerpt":{"rendered":"<p>Oto Tamiri Demsan Boya olarak, otomotiv boya teknolojilerinde d\u00fcnya lideri Axalta&#8217;n\u0131n y\u00fcksek performansl\u0131 \u00fcr\u00fcnlerini profesyonellerle bulu\u015fturuyoruz. Detayl\u0131 Bilgi Ticar\u00ee Ara\u00e7lar Do\u011fru boya sistemi se\u00e7imi, hem arac\u0131n \u00f6mr\u00fcn\u00fc uzat\u0131r hem de i\u015fletme maliyetlerini d\u00fc\u015f\u00fcr\u00fcr. Detayl\u0131 Bilgi Agro-Sanayi Tar\u0131m ekipman\u0131 \u00fcreticileri i\u00e7in do\u011fru boya sistemi se\u00e7mek, sadece estetik de\u011fil, bir garanti ve dayan\u0131kl\u0131l\u0131k meselesidir. Detayl\u0131 Bilgi Makine [&hellip;]<\/p>\n","protected":false},"author":1,"featured_media":0,"parent":0,"menu_order":0,"comment_status":"closed","ping_status":"closed","template":"","meta":{"footnotes":""},"class_list":["post-2355","page","type-page","status-publish","hentry"],"_links":{"self":[{"href":"https:\/\/wpmentor.com.tr\/demo01\/wp-json\/wp\/v2\/pages\/2355","targetHints":{"allow":["GET"]}}],"collection":[{"href":"https:\/\/wpmentor.com.tr\/demo01\/wp-json\/wp\/v2\/pages"}],"about":[{"href":"https:\/\/wpmentor.com.tr\/demo01\/wp-json\/wp\/v2\/types\/page"}],"author":[{"embeddable":true,"href":"https:\/\/wpmentor.com.tr\/demo01\/wp-json\/wp\/v2\/users\/1"}],"replies":[{"embeddable":true,"href":"https:\/\/wpmentor.com.tr\/demo01\/wp-json\/wp\/v2\/comments?post=2355"}],"version-history":[{"count":7,"href":"https:\/\/wpmentor.com.tr\/demo01\/wp-json\/wp\/v2\/pages\/2355\/revisions"}],"predecessor-version":[{"id":20491,"href":"https:\/\/wpmentor.com.tr\/demo01\/wp-json\/wp\/v2\/pages\/2355\/revisions\/20491"}],"wp:attachment":[{"href":"https:\/\/wpmentor.com.tr\/demo01\/wp-json\/wp\/v2\/media?parent=2355"}],"curies":[{"name":"wp","href":"https:\/\/api.w.org\/{rel}","templated":true}]}}